{"id":11,"date":"2023-04-18T09:39:58","date_gmt":"2023-04-18T12:39:58","guid":{"rendered":"https:\/\/eletronicadozeroaoprojeto.com.br\/termos\/?page_id=11"},"modified":"2023-04-18T17:10:18","modified_gmt":"2023-04-18T20:10:18","slug":"termos-de-uso","status":"publish","type":"page","link":"https:\/\/eletronicadozeroaoprojeto.com.br\/termos\/","title":{"rendered":"Termos de Uso"},"content":{"rendered":"\t\t<div data-elementor-type=\"wp-page\" data-elementor-id=\"11\" class=\"elementor elementor-11\">\n\t\t\t\t\t\t\t\t\t<section class=\"elementor-section elementor-top-section elementor-element elementor-element-5ef90da elementor-section-boxed elementor-section-height-default elementor-section-height-default\" data-id=\"5ef90da\" data-element_type=\"section\" data-settings=\"{&quot;background_background&quot;:&quot;classic&quot;}\">\n\t\t\t\t\t\t<div class=\"elementor-container elementor-column-gap-default\">\n\t\t\t\t\t<div class=\"elementor-column elementor-col-100 elementor-top-column elementor-element elementor-element-49e2f139\" data-id=\"49e2f139\" data-element_type=\"column\">\n\t\t\t<div class=\"elementor-widget-wrap elementor-element-populated\">\n\t\t\t\t\t\t\t\t<div class=\"elementor-element elementor-element-7d4b0d0 elementor-widget elementor-widget-image\" data-id=\"7d4b0d0\" data-element_type=\"widget\" data-widget_type=\"image.default\">\n\t\t\t\t<div class=\"elementor-widget-container\">\n\t\t\t<style>\/*! elementor - v3.12.1 - 02-04-2023 *\/\n.elementor-widget-image{text-align:center}.elementor-widget-image a{display:inline-block}.elementor-widget-image a img[src$=\".svg\"]{width:48px}.elementor-widget-image img{vertical-align:middle;display:inline-block}<\/style>\t\t\t\t\t\t\t\t\t\t\t\t<img decoding=\"async\" width=\"316\" height=\"80\" src=\"https:\/\/eletronicadozeroaoprojeto.com.br\/termos\/wp-content\/uploads\/2023\/04\/Logo-eletronica-do-zero-01-10.png\" class=\"attachment-large size-large wp-image-30\" alt=\"\" loading=\"lazy\" srcset=\"https:\/\/eletronicadozeroaoprojeto.com.br\/termos\/wp-content\/uploads\/2023\/04\/Logo-eletronica-do-zero-01-10.png 316w, https:\/\/eletronicadozeroaoprojeto.com.br\/termos\/wp-content\/uploads\/2023\/04\/Logo-eletronica-do-zero-01-10-300x76.png 300w\" sizes=\"(max-width: 316px) 100vw, 316px\" \/>\t\t\t\t\t\t\t\t\t\t\t\t\t\t\t<\/div>\n\t\t\t\t<\/div>\n\t\t\t\t<div class=\"elementor-element elementor-element-16205fb1 elementor-widget elementor-widget-heading\" data-id=\"16205fb1\" data-element_type=\"widget\" data-widget_type=\"heading.default\">\n\t\t\t\t<div class=\"elementor-widget-container\">\n\t\t\t<style>\/*! elementor - v3.12.1 - 02-04-2023 *\/\n.elementor-heading-title{padding:0;margin:0;line-height:1}.elementor-widget-heading .elementor-heading-title[class*=elementor-size-]>a{color:inherit;font-size:inherit;line-height:inherit}.elementor-widget-heading .elementor-heading-title.elementor-size-small{font-size:15px}.elementor-widget-heading .elementor-heading-title.elementor-size-medium{font-size:19px}.elementor-widget-heading .elementor-heading-title.elementor-size-large{font-size:29px}.elementor-widget-heading .elementor-heading-title.elementor-size-xl{font-size:39px}.elementor-widget-heading .elementor-heading-title.elementor-size-xxl{font-size:59px}<\/style><h2 class=\"elementor-heading-title elementor-size-default\">Termos de Uso<\/h2>\t\t<\/div>\n\t\t\t\t<\/div>\n\t\t\t\t<div class=\"elementor-element elementor-element-fc03d39 elementor-widget elementor-widget-text-editor\" data-id=\"fc03d39\" data-element_type=\"widget\" data-widget_type=\"text-editor.default\">\n\t\t\t\t<div class=\"elementor-widget-container\">\n\t\t\t<style>\/*! elementor - v3.12.1 - 02-04-2023 *\/\n.elementor-widget-text-editor.elementor-drop-cap-view-stacked .elementor-drop-cap{background-color:#69727d;color:#fff}.elementor-widget-text-editor.elementor-drop-cap-view-framed .elementor-drop-cap{color:#69727d;border:3px solid;background-color:transparent}.elementor-widget-text-editor:not(.elementor-drop-cap-view-default) .elementor-drop-cap{margin-top:8px}.elementor-widget-text-editor:not(.elementor-drop-cap-view-default) .elementor-drop-cap-letter{width:1em;height:1em}.elementor-widget-text-editor .elementor-drop-cap{float:left;text-align:center;line-height:1;font-size:50px}.elementor-widget-text-editor .elementor-drop-cap-letter{display:inline-block}<\/style>\t\t\t\t<p>Seus Direitos e Termos para uso das informa\u00e7\u00f5es est\u00e3o detalhados aqui<\/p>\t\t\t\t\t\t<\/div>\n\t\t\t\t<\/div>\n\t\t\t\t\t<\/div>\n\t\t<\/div>\n\t\t\t\t\t\t\t<\/div>\n\t\t<\/section>\n\t\t\t\t<section class=\"elementor-section elementor-top-section elementor-element elementor-element-6b09062b elementor-section-boxed elementor-section-height-default elementor-section-height-default\" data-id=\"6b09062b\" data-element_type=\"section\" data-settings=\"{&quot;background_background&quot;:&quot;classic&quot;}\">\n\t\t\t\t\t\t<div class=\"elementor-container elementor-column-gap-default\">\n\t\t\t\t\t<div class=\"elementor-column elementor-col-100 elementor-top-column elementor-element elementor-element-3c63ac26\" data-id=\"3c63ac26\" data-element_type=\"column\" data-settings=\"{&quot;background_background&quot;:&quot;classic&quot;}\">\n\t\t\t<div class=\"elementor-widget-wrap elementor-element-populated\">\n\t\t\t\t\t\t\t\t<div class=\"elementor-element elementor-element-1ab68fb0 elementor-widget elementor-widget-text-editor\" data-id=\"1ab68fb0\" data-element_type=\"widget\" data-widget_type=\"text-editor.default\">\n\t\t\t\t<div class=\"elementor-widget-container\">\n\t\t\t\t\t\t\t<div class=\"box-cont\"><div class=\"cont-txt-termos\"><div class=\"area-white\"><div class=\"area-white\"><p>A equipe do curso Eletr\u00f4nica do Zero ao Projeto elaborou este Termo de Uso para refor\u00e7ar nosso compromisso em rela\u00e7\u00e3o \u00e0 forma como as informa\u00e7\u00f5es deste site podem ser utilizadas.<\/p><p><span style=\"color: #333399;\"><strong>Termos de Uso<\/strong><\/span><\/p><p>Ao acessar este site, voc\u00ea concorda plenamente com os termos de uso descritos abaixo. Se n\u00e3o estiver de acordo com esses termos, por favor, n\u00e3o utilize este website.<\/p><p>O uso deste site \u00e9 restrito a finalidades l\u00edcitas. N\u00e3o \u00e9 permitido publicar, enviar, distribuir ou divulgar conte\u00fados difamat\u00f3rios, obscenos ou ilegais, incluindo informa\u00e7\u00f5es protegidas por direitos autorais ou marcas registradas de terceiros, sem autoriza\u00e7\u00e3o expressa do titular dos direitos. O visitante n\u00e3o deve usar este site para obter ou divulgar informa\u00e7\u00f5es pessoais, como endere\u00e7os de outros usu\u00e1rios do site.<\/p><p>A equipe respons\u00e1vel por este site se esfor\u00e7a para manter as informa\u00e7\u00f5es precisas, atualizadas e aut\u00eanticas, por\u00e9m n\u00e3o \u00e9 respons\u00e1vel por eventuais falhas nos servi\u00e7os ou informa\u00e7\u00f5es disponibilizadas.<\/p><p>O usu\u00e1rio n\u00e3o deve presumir que os servi\u00e7os e informa\u00e7\u00f5es fornecidos s\u00e3o isentos de erros ou adequados aos seus objetivos particulares. Os criadores e colaboradores do site n\u00e3o se comprometem a atualizar as informa\u00e7\u00f5es e reservam-se o direito de alterar as condi\u00e7\u00f5es de uso ou pre\u00e7os dos servi\u00e7os e produtos oferecidos a qualquer momento.<\/p><p>O acesso a este site \u00e9 gratuito e pode haver \u00e1reas restritas para clientes ou terceiros autorizados.<\/p><p>Os criadores e colaboradores do site podem modificar ou desativar o site a qualquer momento, bem como limitar, cancelar ou suspender seu uso ou acesso. Os termos de uso tamb\u00e9m podem ser alterados a qualquer momento. \u00c9 recomend\u00e1vel verificar periodicamente esta p\u00e1gina para consultar os termos atuais. Algumas disposi\u00e7\u00f5es podem ser substitu\u00eddas por termos ou avisos legais expressos em outras p\u00e1ginas deste site.<\/p><p><span style=\"color: #333399;\"><strong>Informa\u00e7\u00f5es enviadas pelos usu\u00e1rios e colaboradores<\/strong><\/span><\/p><p>Todas as informa\u00e7\u00f5es, materiais, artigos ou outras comunica\u00e7\u00f5es transmitidas, enviadas ou publicadas neste site ser\u00e3o consideradas informa\u00e7\u00f5es n\u00e3o confidenciais. A equipe deste site n\u00e3o se responsabiliza por viola\u00e7\u00f5es de direitos autorais cometidas por terceiros. \u00c9 expressamente proibido transmitir, trocar ou publicar, neste site, qualquer material obsceno, difamat\u00f3rio ou ilegal, bem como textos ou cria\u00e7\u00f5es de terceiros sem autoriza\u00e7\u00e3o. A equipe reserva-se o direito de restringir o acesso \u00e0s informa\u00e7\u00f5es enviadas por terceiros.<\/p><p>Este site pode, a seu crit\u00e9rio, monitorar, revisar e restringir o acesso a \u00e1reas onde os usu\u00e1rios transmitem e trocam informa\u00e7\u00f5es, incluindo, mas n\u00e3o limitado a, salas de chat, mensagens privadas ou outros f\u00f3runs de debates, e pode retirar do ar ou retirar o acesso a qualquer informa\u00e7\u00e3o ou comunica\u00e7\u00e3o. No entanto, a equipe deste site n\u00e3o \u00e9 respons\u00e1vel pelo conte\u00fado de quaisquer informa\u00e7\u00f5es trocadas entre usu\u00e1rios, sejam elas l\u00edcitas ou il\u00edcitas.<\/p><p><span style=\"color: #333399;\"><strong>Limita\u00e7\u00e3o da Responsabilidade<\/strong><\/span><\/p><p>Os materiais disponibilizados neste site n\u00e3o possuem garantia expl\u00edcita ou impl\u00edcita de comercializa\u00e7\u00e3o ou adequa\u00e7\u00e3o a qualquer objetivo espec\u00edfico. Em nenhuma circunst\u00e2ncia este site ou seus colaboradores ser\u00e3o respons\u00e1veis por quaisquer danos, incluindo lucros cessantes, interrup\u00e7\u00e3o de neg\u00f3cios ou perda de informa\u00e7\u00f5es decorrentes do uso ou incapacidade de usar os materiais. A equipe deste site n\u00e3o assegura a precis\u00e3o ou integridade das informa\u00e7\u00f5es, textos, gr\u00e1ficos, links e outros itens dos materiais.<\/p><p>Al\u00e9m disso, a equipe deste site n\u00e3o se responsabiliza por viola\u00e7\u00f5es de direitos autorais decorrentes de informa\u00e7\u00f5es, documentos e materiais publicados no site, mas se compromete a remov\u00ea-los assim que notificados da infra\u00e7\u00e3o.<\/p><p><span style=\"color: #333399;\"><strong>Erros e falhas<\/strong><\/span><\/p><p>Este site pode conter informa\u00e7\u00f5es, imagens e gr\u00e1ficos que eventualmente apresentem imprecis\u00f5es t\u00e9cnicas ou erros tipogr\u00e1ficos. A equipe deste site e seus fornecedores n\u00e3o ser\u00e3o respons\u00e1veis por qualquer dano direto ou indireto decorrente do uso ou impossibilidade de uso do site, perda de dados ou lucros, resultante do acesso e desempenho do site, dos servi\u00e7os oferecidos ou de informa\u00e7\u00f5es dispon\u00edveis neste site. O acesso aos servi\u00e7os, materiais, informa\u00e7\u00f5es e facilidades deste site n\u00e3o garante sua qualidade.<\/p><p><span style=\"color: #333399;\"><strong>Links para sites de terceiros<\/strong><\/span><\/p><p>O conte\u00fado dos sites apontados atrav\u00e9s deste site n\u00e3o est\u00e1 sob o controle da equipe respons\u00e1vel, que n\u00e3o se responsabiliza pelo seu conte\u00fado. A equipe deste site reserva-se o direito de remover qualquer link ou direcionamento a outros sites ou servi\u00e7os a qualquer momento. N\u00e3o h\u00e1 endosso a firmas ou produtos indicados, acessados ou divulgados atrav\u00e9s deste site ou pelos an\u00fancios aqui publicados. A equipe deste site pode publicar um alerta em suas p\u00e1ginas eletr\u00f4nicas sempre que considerar necess\u00e1rio.<\/p><p><span style=\"color: #333399;\"><strong>Direitos autorais e propriedade intelectual<\/strong><\/span><\/p><p>Os materiais, conte\u00fados e cria\u00e7\u00f5es presentes neste site s\u00e3o de propriedade exclusiva de seus criadores e colaboradores, e a autoria de seu conte\u00fado, material e imagens \u00e9 protegida por leis nacionais e internacionais. Qualquer uso, c\u00f3pia, reprodu\u00e7\u00e3o, modifica\u00e7\u00e3o, publica\u00e7\u00e3o, atualiza\u00e7\u00e3o, postagem, transmiss\u00e3o ou distribui\u00e7\u00e3o desses materiais de qualquer maneira sem a autoriza\u00e7\u00e3o pr\u00e9via e por escrito dos propriet\u00e1rios do site \u00e9 estritamente proibido.<\/p><p>As imagens neste site s\u00e3o inclu\u00eddas apenas para fins de visualiza\u00e7\u00e3o e n\u00e3o podem ser gravadas ou baixadas via download sem autoriza\u00e7\u00e3o expressa por escrito. A reprodu\u00e7\u00e3o ou armazenamento de materiais recuperados deste servi\u00e7o sem a devida autoriza\u00e7\u00e3o sujeita os infratores \u00e0s penalidades da lei.<\/p><p>O nome deste site, seu logotipo e nome de dom\u00ednio para acesso na Internet, bem como todos os elementos da tecnologia desenvolvida e apresentada neste site, como a articula\u00e7\u00e3o de bases de dados, s\u00e3o marcas registradas e propriedades intelectuais privadas. Todos os direitos decorrentes de seu registro s\u00e3o protegidos por lei. Alguns direitos de uso podem ser concedidos pelos propriet\u00e1rios do site por meio de contrato ou licen\u00e7a especial, que pode ser cancelada a qualquer momento se os termos n\u00e3o forem cumpridos.<\/p><p>O uso p\u00fablico das marcas registradas deste site s\u00f3 \u00e9 permitido com autoriza\u00e7\u00e3o expressa. O uso dessas marcas registradas em publicidade e promo\u00e7\u00e3o de produtos deve ser adequadamente informado.<\/p><p><span style=\"color: #333399;\"><strong>Reclama\u00e7\u00f5es sobre viola\u00e7\u00e3o de direitos autorais<\/strong><\/span><\/p><p>A equipe deste site valoriza a propriedade intelectual de terceiros e espera que seus usu\u00e1rios ajam da mesma forma. Caso haja alguma viola\u00e7\u00e3o de direitos autorais, solicitamos que seja comunicada por e-mail para <a href=\"mailto:contato@eletronicadozeroaoprojeto.com.br\" target=\"_new\">contato@eletronicadozeroaoprojeto.com.br<\/a>, acompanhada de documentos e informa\u00e7\u00f5es que comprovem a autoria. Faremos o poss\u00edvel para investigar e tomar as medidas adequadas para resolver o problema.<\/p><\/div><\/div><\/div><\/div>\t\t\t\t\t\t<\/div>\n\t\t\t\t<\/div>\n\t\t\t\t\t<\/div>\n\t\t<\/div>\n\t\t\t\t\t\t\t<\/div>\n\t\t<\/section>\n\t\t\t\t<section class=\"elementor-section elementor-top-section elementor-element elementor-element-79ac17d6 elementor-section-boxed elementor-section-height-default elementor-section-height-default\" data-id=\"79ac17d6\" data-element_type=\"section\" data-settings=\"{&quot;background_background&quot;:&quot;classic&quot;}\">\n\t\t\t\t\t\t<div class=\"elementor-container elementor-column-gap-default\">\n\t\t\t\t\t<div class=\"elementor-column elementor-col-100 elementor-top-column elementor-element elementor-element-7bdb9607\" data-id=\"7bdb9607\" data-element_type=\"column\">\n\t\t\t<div class=\"elementor-widget-wrap elementor-element-populated\">\n\t\t\t\t\t\t\t\t<div class=\"elementor-element elementor-element-58e9028a elementor-widget elementor-widget-text-editor\" data-id=\"58e9028a\" data-element_type=\"widget\" data-widget_type=\"text-editor.default\">\n\t\t\t\t<div class=\"elementor-widget-container\">\n\t\t\t\t\t\t\t<p><b>Este site n\u00e3o \u00e9 afiliado ao Facebook ou a qualquer entidade do Facebook.<\/b>\u00a0Depois que voc\u00ea sair do Facebook, a responsabilidade n\u00e3o \u00e9 deles e sim do nosso site. Fazemos todos os esfor\u00e7os para indicar claramente e mostrar todas as provas do produto e usamos resultados reais.\u00a0<\/p>\t\t\t\t\t\t<\/div>\n\t\t\t\t<\/div>\n\t\t\t\t\t<\/div>\n\t\t<\/div>\n\t\t\t\t\t\t\t<\/div>\n\t\t<\/section>\n\t\t\t\t<section class=\"elementor-section elementor-top-section elementor-element elementor-element-65fdb84d elementor-section-boxed elementor-section-height-default elementor-section-height-default\" data-id=\"65fdb84d\" data-element_type=\"section\" data-settings=\"{&quot;background_background&quot;:&quot;classic&quot;}\">\n\t\t\t\t\t\t<div class=\"elementor-container elementor-column-gap-default\">\n\t\t\t\t\t<div class=\"elementor-column elementor-col-100 elementor-top-column elementor-element elementor-element-494cae49\" data-id=\"494cae49\" data-element_type=\"column\">\n\t\t\t<div class=\"elementor-widget-wrap elementor-element-populated\">\n\t\t\t\t\t\t\t\t<div class=\"elementor-element elementor-element-88012e3 elementor-align-center elementor-widget elementor-widget-button\" data-id=\"88012e3\" data-element_type=\"widget\" data-widget_type=\"button.default\">\n\t\t\t\t<div class=\"elementor-widget-container\">\n\t\t\t\t\t<div class=\"elementor-button-wrapper\">\n\t\t\t<a href=\"https:\/\/eletronicadozeroaoprojeto.com.br\/\" class=\"elementor-button-link elementor-button elementor-size-sm\" role=\"button\">\n\t\t\t\t\t\t<span class=\"elementor-button-content-wrapper\">\n\t\t\t\t\t\t<span class=\"elementor-button-text\">Retornar \u00e0 P\u00e1gina<\/span>\n\t\t<\/span>\n\t\t\t\t\t<\/a>\n\t\t<\/div>\n\t\t\t\t<\/div>\n\t\t\t\t<\/div>\n\t\t\t\t\t<\/div>\n\t\t<\/div>\n\t\t\t\t\t\t\t<\/div>\n\t\t<\/section>\n\t\t\t\t\t\t\t<\/div>\n\t\t","protected":false},"excerpt":{"rendered":"<p>Termos de Uso Seus Direitos e Termos para uso das informa\u00e7\u00f5es est\u00e3o detalhados aqui A equipe do curso Eletr\u00f4nica do Zero ao Projeto elaborou este Termo de Uso para refor\u00e7ar nosso compromisso em rela\u00e7\u00e3o \u00e0 forma como as informa\u00e7\u00f5es deste site podem ser utilizadas. Termos de Uso Ao acessar este site, voc\u00ea concorda plenamente com [&hellip;]<\/p>\n","protected":false},"author":1,"featured_media":0,"parent":0,"menu_order":0,"comment_status":"closed","ping_status":"closed","template":"elementor_canvas","meta":[],"_links":{"self":[{"href":"https:\/\/eletronicadozeroaoprojeto.com.br\/termos\/index.php\/wp-json\/wp\/v2\/pages\/11"}],"collection":[{"href":"https:\/\/eletronicadozeroaoprojeto.com.br\/termos\/index.php\/wp-json\/wp\/v2\/pages"}],"about":[{"href":"https:\/\/eletronicadozeroaoprojeto.com.br\/termos\/index.php\/wp-json\/wp\/v2\/types\/page"}],"author":[{"embeddable":true,"href":"https:\/\/eletronicadozeroaoprojeto.com.br\/termos\/index.php\/wp-json\/wp\/v2\/users\/1"}],"replies":[{"embeddable":true,"href":"https:\/\/eletronicadozeroaoprojeto.com.br\/termos\/index.php\/wp-json\/wp\/v2\/comments?post=11"}],"version-history":[{"count":37,"href":"https:\/\/eletronicadozeroaoprojeto.com.br\/termos\/index.php\/wp-json\/wp\/v2\/pages\/11\/revisions"}],"predecessor-version":[{"id":65,"href":"https:\/\/eletronicadozeroaoprojeto.com.br\/termos\/index.php\/wp-json\/wp\/v2\/pages\/11\/revisions\/65"}],"wp:attachment":[{"href":"https:\/\/eletronicadozeroaoprojeto.com.br\/termos\/index.php\/wp-json\/wp\/v2\/media?parent=11"}],"curies":[{"name":"wp","href":"https:\/\/api.w.org\/{rel}","templated":true}]}}