{"id":34,"date":"2023-04-18T11:25:59","date_gmt":"2023-04-18T14:25:59","guid":{"rendered":"https:\/\/eletronicadozeroaoprojeto.com.br\/politicas\/?page_id=34"},"modified":"2023-04-18T17:15:47","modified_gmt":"2023-04-18T20:15:47","slug":"politicas-de-privacidade","status":"publish","type":"page","link":"https:\/\/eletronicadozeroaoprojeto.com.br\/politicas\/","title":{"rendered":"Politicas de Privacidade"},"content":{"rendered":"\t\t<div data-elementor-type=\"wp-page\" data-elementor-id=\"34\" class=\"elementor elementor-34\">\n\t\t\t\t\t\t\t\t\t<section class=\"elementor-section elementor-top-section elementor-element elementor-element-2fce77a6 elementor-section-boxed elementor-section-height-default elementor-section-height-default\" data-id=\"2fce77a6\" data-element_type=\"section\" data-settings=\"{&quot;background_background&quot;:&quot;classic&quot;}\">\n\t\t\t\t\t\t<div class=\"elementor-container elementor-column-gap-default\">\n\t\t\t\t\t<div class=\"elementor-column elementor-col-100 elementor-top-column elementor-element elementor-element-4b0b28d5\" data-id=\"4b0b28d5\" data-element_type=\"column\">\n\t\t\t<div class=\"elementor-widget-wrap elementor-element-populated\">\n\t\t\t\t\t\t\t\t<div class=\"elementor-element elementor-element-986d2ea elementor-widget elementor-widget-image\" data-id=\"986d2ea\" data-element_type=\"widget\" data-widget_type=\"image.default\">\n\t\t\t\t<div class=\"elementor-widget-container\">\n\t\t\t<style>\/*! elementor - v3.12.1 - 02-04-2023 *\/\n.elementor-widget-image{text-align:center}.elementor-widget-image a{display:inline-block}.elementor-widget-image a img[src$=\".svg\"]{width:48px}.elementor-widget-image img{vertical-align:middle;display:inline-block}<\/style>\t\t\t\t\t\t\t\t\t\t\t\t<img decoding=\"async\" width=\"300\" height=\"76\" src=\"https:\/\/eletronicadozeroaoprojeto.com.br\/politicas\/wp-content\/uploads\/2023\/04\/Logo-eletronica-do-zero-01-10-300x76.png\" class=\"attachment-medium size-medium wp-image-67\" alt=\"\" loading=\"lazy\" srcset=\"https:\/\/eletronicadozeroaoprojeto.com.br\/politicas\/wp-content\/uploads\/2023\/04\/Logo-eletronica-do-zero-01-10-300x76.png 300w, https:\/\/eletronicadozeroaoprojeto.com.br\/politicas\/wp-content\/uploads\/2023\/04\/Logo-eletronica-do-zero-01-10.png 316w\" sizes=\"(max-width: 300px) 100vw, 300px\" \/>\t\t\t\t\t\t\t\t\t\t\t\t\t\t\t<\/div>\n\t\t\t\t<\/div>\n\t\t\t\t<div class=\"elementor-element elementor-element-3b3a11e4 elementor-widget elementor-widget-heading\" data-id=\"3b3a11e4\" data-element_type=\"widget\" data-widget_type=\"heading.default\">\n\t\t\t\t<div class=\"elementor-widget-container\">\n\t\t\t<style>\/*! elementor - v3.12.1 - 02-04-2023 *\/\n.elementor-heading-title{padding:0;margin:0;line-height:1}.elementor-widget-heading .elementor-heading-title[class*=elementor-size-]>a{color:inherit;font-size:inherit;line-height:inherit}.elementor-widget-heading .elementor-heading-title.elementor-size-small{font-size:15px}.elementor-widget-heading .elementor-heading-title.elementor-size-medium{font-size:19px}.elementor-widget-heading .elementor-heading-title.elementor-size-large{font-size:29px}.elementor-widget-heading .elementor-heading-title.elementor-size-xl{font-size:39px}.elementor-widget-heading .elementor-heading-title.elementor-size-xxl{font-size:59px}<\/style><h2 class=\"elementor-heading-title elementor-size-default\">Pol\u00edtica de Privacidade<\/h2>\t\t<\/div>\n\t\t\t\t<\/div>\n\t\t\t\t<div class=\"elementor-element elementor-element-27c609c5 elementor-widget elementor-widget-text-editor\" data-id=\"27c609c5\" data-element_type=\"widget\" data-widget_type=\"text-editor.default\">\n\t\t\t\t<div class=\"elementor-widget-container\">\n\t\t\t<style>\/*! elementor - v3.12.1 - 02-04-2023 *\/\n.elementor-widget-text-editor.elementor-drop-cap-view-stacked .elementor-drop-cap{background-color:#69727d;color:#fff}.elementor-widget-text-editor.elementor-drop-cap-view-framed .elementor-drop-cap{color:#69727d;border:3px solid;background-color:transparent}.elementor-widget-text-editor:not(.elementor-drop-cap-view-default) .elementor-drop-cap{margin-top:8px}.elementor-widget-text-editor:not(.elementor-drop-cap-view-default) .elementor-drop-cap-letter{width:1em;height:1em}.elementor-widget-text-editor .elementor-drop-cap{float:left;text-align:center;line-height:1;font-size:50px}.elementor-widget-text-editor .elementor-drop-cap-letter{display:inline-block}<\/style>\t\t\t\t<p>A seguran\u00e7a das suas informa\u00e7\u00f5es \u00e9 muito importante para n\u00f3s.<\/p>\t\t\t\t\t\t<\/div>\n\t\t\t\t<\/div>\n\t\t\t\t\t<\/div>\n\t\t<\/div>\n\t\t\t\t\t\t\t<\/div>\n\t\t<\/section>\n\t\t\t\t<section class=\"elementor-section elementor-top-section elementor-element elementor-element-5170d690 elementor-section-boxed elementor-section-height-default elementor-section-height-default\" data-id=\"5170d690\" data-element_type=\"section\" data-settings=\"{&quot;background_background&quot;:&quot;classic&quot;}\">\n\t\t\t\t\t\t<div class=\"elementor-container elementor-column-gap-default\">\n\t\t\t\t\t<div class=\"elementor-column elementor-col-100 elementor-top-column elementor-element elementor-element-43bbae5b\" data-id=\"43bbae5b\" data-element_type=\"column\" data-settings=\"{&quot;background_background&quot;:&quot;classic&quot;}\">\n\t\t\t<div class=\"elementor-widget-wrap elementor-element-populated\">\n\t\t\t\t\t\t\t\t<div class=\"elementor-element elementor-element-5208044e elementor-widget elementor-widget-text-editor\" data-id=\"5208044e\" data-element_type=\"widget\" data-widget_type=\"text-editor.default\">\n\t\t\t\t<div class=\"elementor-widget-container\">\n\t\t\t\t\t\t\t<div class=\"box-cont\"><div class=\"cont-txt-termos\"><div class=\"area-white\"><div class=\"area-white\"><p><span style=\"color: #333399;\"><strong>Seu perfil pessoal<\/strong><\/span><\/p><p>Quando solicitamos informa\u00e7\u00f5es pessoais suas, nosso principal objetivo \u00e9 oferecer servi\u00e7os personalizados que atendam \u00e0s suas necessidades. Respeitamos a sua privacidade e comprometemo-nos a n\u00e3o vender, alugar ou compartilhar seu nome e informa\u00e7\u00f5es pessoais com outras organiza\u00e7\u00f5es.<\/p><p>Ao fornecer suas informa\u00e7\u00f5es pessoais, incluindo sua imagem, foto, v\u00eddeo e coment\u00e1rios, voc\u00ea compreende e concorda com o uso dessas informa\u00e7\u00f5es pela equipe do nosso site. Elas estar\u00e3o dispon\u00edveis em seu perfil p\u00fablico e na comunidade, onde poder\u00e1 visualizar as informa\u00e7\u00f5es de outros membros. Caso prefira, voc\u00ea pode optar por n\u00e3o permitir o uso de suas informa\u00e7\u00f5es atualizando suas configura\u00e7\u00f5es de privacidade em &#8220;Configura\u00e7\u00f5es de Conta&#8221;. De vez em quando, podemos utilizar informa\u00e7\u00f5es de clientes em nossos materiais de marketing, mas somente ap\u00f3s obtermos seu consentimento por escrito.<\/p><p><span style=\"color: #333399;\"><strong>Medidas de seguran\u00e7a<\/strong><\/span><\/p><p>N\u00f3s valorizamos a seguran\u00e7a dos seus dados pessoais e adotamos as melhores pr\u00e1ticas do setor para proteg\u00ea-los. Tanto durante a transmiss\u00e3o quanto ap\u00f3s o recebimento, suas informa\u00e7\u00f5es pessoais s\u00e3o protegidas de acordo com os padr\u00f5es estabelecidos. Ao enviar informa\u00e7\u00f5es confidenciais, como detalhes do cart\u00e3o de cr\u00e9dito, elas s\u00e3o criptografadas para a transmiss\u00e3o, usando a tecnologia SSL (Secure Socket Layer).<\/p><p>Se voc\u00ea detectar alguma cobran\u00e7a fraudulenta em sua fatura em nome do nosso site, pedimos que entre em contato conosco imediatamente e siga os procedimentos padr\u00f5es da administradora do seu cart\u00e3o. Tamb\u00e9m oferecemos recursos de f\u00f3runs, murais e salas de bate-papo, por\u00e9m, \u00e9 importante ter cuidado com informa\u00e7\u00f5es pessoais que voc\u00ea compartilha em tais contextos, pois elas se tornam p\u00fablicas.<\/p><p>Ao fazer login em nosso site, \u00e9 necess\u00e1rio verificar sua senha para garantir que voc\u00ea e seus dados estejam protegidos contra acessos n\u00e3o autorizados. Se voc\u00ea n\u00e3o usar seu computador por um longo per\u00edodo de tempo sem encerrar sua sess\u00e3o, ela ser\u00e1 encerrada automaticamente ap\u00f3s um certo tempo.<\/p><p>Apenas funcion\u00e1rios autorizados t\u00eam acesso a informa\u00e7\u00f5es pessoais quando necess\u00e1rio para realizar suas fun\u00e7\u00f5es, como cobran\u00e7a ou atendimento ao aluno, por exemplo. Armazenamos suas informa\u00e7\u00f5es em servidores seguros e confi\u00e1veis.<\/p><p>Apesar de nossos procedimentos de seguran\u00e7a rigorosos, \u00e9 importante destacar que nenhum m\u00e9todo de transmiss\u00e3o de dados ou armazenamento eletr\u00f4nico na internet \u00e9 completamente seguro. Portanto, n\u00e3o podemos garantir a seguran\u00e7a total de seus dados pessoais ou de qualquer outra informa\u00e7\u00e3o transmitida pela internet. Nesse sentido, a equipe deste site n\u00e3o pode ser responsabilizada por falhas de seguran\u00e7a.<\/p><p><span style=\"color: #333399;\"><strong>Comunicados do site<\/strong><\/span><\/p><p>Para fornecer a voc\u00ea as li\u00e7\u00f5es di\u00e1rias por e-mail, precisamos que voc\u00ea nos forne\u00e7a seu endere\u00e7o de e-mail. Como assinante, voc\u00ea ser\u00e1 adicionado \u00e0 nossa lista para receber comunica\u00e7\u00f5es por e-mail, como atualiza\u00e7\u00f5es de servi\u00e7os, ofertas especiais e promo\u00e7\u00f5es deste site.<\/p><p>Voc\u00ea pode optar por cancelar a sua inscri\u00e7\u00e3o a qualquer momento. Para isso, basta clicar no link \u201cRemover e-mail da lista\u201d que aparece no rodap\u00e9 do e-mail que enviamos. Enviaremos an\u00fancios relacionados a servi\u00e7os raramente, apenas quando for necess\u00e1rio.<\/p><p>Por exemplo, se o nosso servi\u00e7o for temporariamente suspenso para manuten\u00e7\u00e3o, \u00e9 poss\u00edvel que enviemos um e-mail para avis\u00e1-lo. Em geral, n\u00e3o \u00e9 poss\u00edvel optar por n\u00e3o receber este \u00faltimo tipo de comunica\u00e7\u00e3o por n\u00e3o serem e-mails promocionais. Se voc\u00ea n\u00e3o quer receber os e-mails de aviso, voc\u00ea pode solicitar o descadastramento.<\/p><p>Prote\u00e7\u00e3o de informa\u00e7\u00f5es de menores Estamos comprometidos em proteger a privacidade dos menores. Este e todos os nossos sites s\u00e3o voltados para o p\u00fablico em geral e n\u00e3o s\u00e3o feitos para atrair crian\u00e7as com menos de 13 anos.<\/p><p>N\u00e3o coletamos nem solicitamos informa\u00e7\u00f5es pessoais de menores de 13 anos, tampouco enviamos e-mails solicitando dados pessoais, a menos que tenhamos a permiss\u00e3o dos pais ou respons\u00e1veis legais da crian\u00e7a. Ao se inscrever e se cadastrar para receber os cursos e produtos voltados para a \u00e1rea de sa\u00fade e bem-estar deste site, voc\u00ea se torna um membro.<\/p><p>Durante a inscri\u00e7\u00e3o, coletamos informa\u00e7\u00f5es como seu nome e endere\u00e7o de e-mail. Tamb\u00e9m pedimos dados demogr\u00e1ficos, como idade e sexo, para criar o seu perfil. Voc\u00ea tamb\u00e9m pode precisar fornecer as informa\u00e7\u00f5es do seu cart\u00e3o de cr\u00e9dito, caso o servi\u00e7o que voc\u00ea solicitou seja pago. Essa informa\u00e7\u00e3o \u00e9 criptografada em nosso servidor seguro.<\/p><p>Como membro, voc\u00ea ser\u00e1 adicionado \u00e0 nossa base para receber e-mails eventuais com informa\u00e7\u00f5es de servi\u00e7os, ofertas especiais e promo\u00e7\u00f5es deste site.<\/p><p><span style=\"color: #333399;\"><strong>Web Beacons<\/strong><\/span><\/p><p>N\u00f3s utilizamos uma tecnologia denominada &#8220;clear gifs&#8221;, tamb\u00e9m conhecida como &#8220;web beacons&#8221; ou &#8220;web bugs&#8221;, com o objetivo de aprimorar a experi\u00eancia dos usu\u00e1rios em nosso site, analisando o desempenho do conte\u00fado e identificando o que funciona melhor. Esses &#8220;clear gifs&#8221; s\u00e3o pequenas imagens com um identificador \u00fanico, semelhantes aos cookies, que rastreiam as atividades dos usu\u00e1rios na internet. A diferen\u00e7a \u00e9 que, ao contr\u00e1rio dos cookies, que ficam armazenados no computador do usu\u00e1rio, os &#8220;clear gifs&#8221; s\u00e3o incorporados diretamente na p\u00e1gina e possuem o tamanho de um ponto.<\/p><p>Vale ressaltar que n\u00e3o utilizamos &#8220;clear gifs&#8221; que contenham informa\u00e7\u00f5es pessoais dos nossos clientes. E-mails enviados em formato HTML cont\u00eam &#8220;clear gifs&#8221; que nos informam quais foram abertos pelos destinat\u00e1rios, permitindo-nos medir a efic\u00e1cia de nossas comunica\u00e7\u00f5es e campanhas.<\/p><p>Em alguns e-mails, inclu\u00edmos links para redirecionar os usu\u00e1rios para o nosso site. Quando os alunos e\/ou clientes clicam nesses links, eles passam por um servidor separado antes de chegar \u00e0 p\u00e1gina de destino. N\u00f3s rastreamos os dados de cliques para determinar o interesse de cada indiv\u00edduo em determinado assunto e medir a efici\u00eancia das nossas comunica\u00e7\u00f5es. Caso voc\u00ea prefira n\u00e3o ser rastreado, recomendamos que evite clicar em links de texto ou imagens em seus e-mails.<\/p><p><span style=\"color: #333399;\"><strong>Com quem compartilhamos suas informa\u00e7\u00f5es<\/strong><\/span><\/p><p>N\u00f3s compartilhamos seus dados pessoais com a Eletr\u00f4nica do Zero ao Projeto, para que outras empresas do mesmo grupo possam oferecer produtos e servi\u00e7os a voc\u00ea. As \u00fanicas informa\u00e7\u00f5es que compartilhamos com o curso Eletr\u00f4nica do Zero ao Projeto s\u00e3o seu nome, idade, e-mail e pa\u00eds. Se voc\u00ea n\u00e3o quiser que essas informa\u00e7\u00f5es sejam compartilhadas, basta entrar em contato conosco pelo e-mail <a href=\"mailto:contato@eletronicadozeroaoprojeto.com.br\" target=\"_new\">contato@eletronicadozeroaoprojeto.com.br<\/a>.<\/p><p>Podemos fornecer seus dados a empresas que prestam servi\u00e7os e que nos auxiliam em nossas atividades, como o processamento de pagamentos ou a oferta de atendimento ao cliente. Essas empresas est\u00e3o autorizadas a usar seus dados apenas se necess\u00e1rio para presta\u00e7\u00e3o de servi\u00e7os a n\u00f3s. Al\u00e9m disso, podemos compartilhar seus dados:<\/p><ul><li><p>quando exigido por lei para atender a intima\u00e7\u00f5es ou processos legais similares;<\/p><\/li><li><p>quando acreditamos, de boa f\u00e9, que a quebra de sigilo \u00e9 necess\u00e1ria para proteger nossos direitos, sua seguran\u00e7a ou a seguran\u00e7a de outras pessoas, investigar fraudes ou atender a um pedido do governo;<\/p><\/li><li><p>caso a Universidade da Franquia se envolva em uma fus\u00e3o, aquisi\u00e7\u00e3o ou seja vendida em termos ou ao todo, voc\u00ea ser\u00e1 notificado por e-mail ou por um aviso claro em nosso site de qualquer mudan\u00e7a relacionada ao uso de suas informa\u00e7\u00f5es pessoais e de qualquer nova situa\u00e7\u00e3o que envolva a divulga\u00e7\u00e3o de seus dados pessoais a terceiros, para que isso nunca seja feito sem seu consentimento.<\/p><\/li><\/ul><p><span style=\"color: #333399;\"><strong>Cookies<\/strong><\/span><\/p><p>Os &#8220;cookies&#8221; s\u00e3o pequenos arquivos de informa\u00e7\u00f5es que armazenamos no navegador que voc\u00ea usa para navegar ou no disco r\u00edgido. N\u00f3s e nossos parceiros usamos cookies para lembrar informa\u00e7\u00f5es pessoais quando voc\u00ea visita nosso site. Por exemplo, se voc\u00ea escolher visualizar nosso site em espanhol, armazenaremos essa informa\u00e7\u00e3o nos cookies para que possamos mostrar o site sempre em espanhol para voc\u00ea. Usamos cookies para gravar seu login, tornando mais f\u00e1cil o acesso ao site. A maioria dos navegadores permite que voc\u00ea opte por n\u00e3o permitir o armazenamento de cookies em seu computador. Usamos cookies de sess\u00e3o e cookies persistentes. O cookie de sess\u00e3o expira assim que voc\u00ea fecha o navegador, enquanto o cookie persistente permanece em seu computador por um per\u00edodo maior. Al\u00e9m disso, usamos um provedor de servi\u00e7os para rastrear o comportamento dos visitantes em nosso site. No entanto, n\u00e3o temos acesso nem controle sobre seus cookies. As informa\u00e7\u00f5es coletadas pelo provedor de servi\u00e7os s\u00e3o an\u00f4nimas e usadas para melhorar nossos servi\u00e7os e campanhas de marketing. Como acontece na maioria dos sites, coletamos informa\u00e7\u00f5es automaticamente e as armazenamos em arquivos. Essas informa\u00e7\u00f5es incluem o endere\u00e7o IP, tipo de navegador e idioma, provedor de servi\u00e7os, p\u00e1ginas de refer\u00eancia, sistema operacional, data\/hora e informa\u00e7\u00f5es de cliques no site. Usamos essas informa\u00e7\u00f5es para entender e analisar tend\u00eancias, administrar o site, aprender sobre o comportamento dos usu\u00e1rios e reunir informa\u00e7\u00f5es demogr\u00e1ficas sobre nossa base de usu\u00e1rios como um todo.<\/p><p><span style=\"color: #333399;\"><strong>Quizzes and Contests<\/strong><\/span><br \/>Oferecemos a oportunidade aos alunos e visitantes de participar de quizzes ou concursos em nosso site. Ao participar, poderemos solicitar informa\u00e7\u00f5es pessoais, incluindo informa\u00e7\u00f5es de contato, como nome e e-mail, e dados demogr\u00e1ficos, como CEP. No entanto, a participa\u00e7\u00e3o em quizzes e concursos \u00e9 inteiramente opcional e voc\u00ea pode optar por n\u00e3o fornecer essas informa\u00e7\u00f5es. Utilizamos essas informa\u00e7\u00f5es para personalizar nossas comunica\u00e7\u00f5es com voc\u00ea e oferecer produtos e servi\u00e7os que possam ser relevantes ao seu perfil.<\/p><p><span style=\"color: #333399;\"><strong>F\u00f3runs p\u00fablicos<\/strong><\/span><br \/>Oferecemos em nossos sites blogs, f\u00f3runs e comunidades para acesso p\u00fablico. \u00c9 importante lembrar que qualquer informa\u00e7\u00e3o que voc\u00ea compartilhe nessas \u00e1reas pode ser lida, coletada e utilizada por outros usu\u00e1rios. Caso deseje que suas informa\u00e7\u00f5es pessoais sejam retiradas de um blog, f\u00f3rum ou comunidade, entre em contato conosco atrav\u00e9s do e-mail <a href=\"mailto:contato@eletronicadozeroaoprojeto.com.br\" target=\"_new\">contato@eletronicadozeroaoprojeto.com.br<\/a>. Em alguns casos, pode n\u00e3o ser poss\u00edvel remover a informa\u00e7\u00e3o, mas vamos te notificar e explicar o motivo.<\/p><p><span style=\"color: #333399;\"><strong>Links para outros websites<\/strong><\/span><br \/>O nosso site cont\u00e9m links que direcionam para outros sites. No entanto, ressaltamos que n\u00e3o nos responsabilizamos pelas pol\u00edticas de privacidade desses sites externos. Sugerimos que nossos usu\u00e1rios tomem cuidado ao acess\u00e1-los e leiam atentamente os termos de uso de cada um, especialmente aqueles que coletam informa\u00e7\u00f5es pessoais identific\u00e1veis. Por\u00e9m, vale ressaltar que as pol\u00edticas de privacidade aqui apresentadas s\u00e3o aplic\u00e1veis somente para as informa\u00e7\u00f5es coletadas pelo nosso pr\u00f3prio site. www.eletronicadozeroaoprojeto.com.br.<\/p><\/div><\/div><\/div><\/div>\t\t\t\t\t\t<\/div>\n\t\t\t\t<\/div>\n\t\t\t\t\t<\/div>\n\t\t<\/div>\n\t\t\t\t\t\t\t<\/div>\n\t\t<\/section>\n\t\t\t\t<section class=\"elementor-section elementor-top-section elementor-element elementor-element-2ac601c9 elementor-section-boxed elementor-section-height-default elementor-section-height-default\" data-id=\"2ac601c9\" data-element_type=\"section\" data-settings=\"{&quot;background_background&quot;:&quot;classic&quot;}\">\n\t\t\t\t\t\t<div class=\"elementor-container elementor-column-gap-default\">\n\t\t\t\t\t<div class=\"elementor-column elementor-col-100 elementor-top-column elementor-element elementor-element-69479962\" data-id=\"69479962\" data-element_type=\"column\">\n\t\t\t<div class=\"elementor-widget-wrap elementor-element-populated\">\n\t\t\t\t\t\t\t\t<div class=\"elementor-element elementor-element-659250c4 elementor-widget elementor-widget-text-editor\" data-id=\"659250c4\" data-element_type=\"widget\" data-widget_type=\"text-editor.default\">\n\t\t\t\t<div class=\"elementor-widget-container\">\n\t\t\t\t\t\t\t<p><b>Este site n\u00e3o \u00e9 afiliado ao Facebook ou a qualquer entidade do Facebook.<\/b>\u00a0Depois que voc\u00ea sair do Facebook, a responsabilidade n\u00e3o \u00e9 deles e sim do nosso site. Fazemos todos os esfor\u00e7os para indicar claramente e mostrar todas as provas do produto e usamos resultados reais.\u00a0<\/p>\t\t\t\t\t\t<\/div>\n\t\t\t\t<\/div>\n\t\t\t\t<div class=\"elementor-element elementor-element-953691f elementor-align-center elementor-widget elementor-widget-button\" data-id=\"953691f\" data-element_type=\"widget\" data-widget_type=\"button.default\">\n\t\t\t\t<div class=\"elementor-widget-container\">\n\t\t\t\t\t<div class=\"elementor-button-wrapper\">\n\t\t\t<a href=\"https:\/\/eletronicadozeroaoprojeto.com.br\/\" class=\"elementor-button-link elementor-button elementor-size-sm\" role=\"button\">\n\t\t\t\t\t\t<span class=\"elementor-button-content-wrapper\">\n\t\t\t\t\t\t<span class=\"elementor-button-text\">Clique aqui<\/span>\n\t\t<\/span>\n\t\t\t\t\t<\/a>\n\t\t<\/div>\n\t\t\t\t<\/div>\n\t\t\t\t<\/div>\n\t\t\t\t\t<\/div>\n\t\t<\/div>\n\t\t\t\t\t\t\t<\/div>\n\t\t<\/section>\n\t\t\t\t\t\t\t<\/div>\n\t\t","protected":false},"excerpt":{"rendered":"<p>Pol\u00edtica de Privacidade A seguran\u00e7a das suas informa\u00e7\u00f5es \u00e9 muito importante para n\u00f3s. Seu perfil pessoal Quando solicitamos informa\u00e7\u00f5es pessoais suas, nosso principal objetivo \u00e9 oferecer servi\u00e7os personalizados que atendam \u00e0s suas necessidades. Respeitamos a sua privacidade e comprometemo-nos a n\u00e3o vender, alugar ou compartilhar seu nome e informa\u00e7\u00f5es pessoais com outras organiza\u00e7\u00f5es. Ao fornecer [&hellip;]<\/p>\n","protected":false},"author":1,"featured_media":0,"parent":0,"menu_order":0,"comment_status":"closed","ping_status":"closed","template":"elementor_canvas","meta":[],"_links":{"self":[{"href":"https:\/\/eletronicadozeroaoprojeto.com.br\/politicas\/index.php\/wp-json\/wp\/v2\/pages\/34"}],"collection":[{"href":"https:\/\/eletronicadozeroaoprojeto.com.br\/politicas\/index.php\/wp-json\/wp\/v2\/pages"}],"about":[{"href":"https:\/\/eletronicadozeroaoprojeto.com.br\/politicas\/index.php\/wp-json\/wp\/v2\/types\/page"}],"author":[{"embeddable":true,"href":"https:\/\/eletronicadozeroaoprojeto.com.br\/politicas\/index.php\/wp-json\/wp\/v2\/users\/1"}],"replies":[{"embeddable":true,"href":"https:\/\/eletronicadozeroaoprojeto.com.br\/politicas\/index.php\/wp-json\/wp\/v2\/comments?post=34"}],"version-history":[{"count":35,"href":"https:\/\/eletronicadozeroaoprojeto.com.br\/politicas\/index.php\/wp-json\/wp\/v2\/pages\/34\/revisions"}],"predecessor-version":[{"id":77,"href":"https:\/\/eletronicadozeroaoprojeto.com.br\/politicas\/index.php\/wp-json\/wp\/v2\/pages\/34\/revisions\/77"}],"wp:attachment":[{"href":"https:\/\/eletronicadozeroaoprojeto.com.br\/politicas\/index.php\/wp-json\/wp\/v2\/media?parent=34"}],"curies":[{"name":"wp","href":"https:\/\/api.w.org\/{rel}","templated":true}]}}